{"id":13,"date":"2020-03-19T23:14:08","date_gmt":"2020-03-19T23:14:08","guid":{"rendered":"http:\/\/andresmanzanodesigner.com\/?page_id=13"},"modified":"2021-09-25T09:25:36","modified_gmt":"2021-09-25T14:25:36","slug":"acerca-de-la-marca","status":"publish","type":"page","link":"https:\/\/andresmanzanodesigner.com\/en\/acerca-de-la-marca\/","title":{"rendered":"OUR BRAND"},"content":{"rendered":"<div class=\"wp-block-columns is-layout-flex wp-container-core-columns-is-layout-9d6595d7 wp-block-columns-is-layout-flex\">\n<div class=\"wp-block-column is-layout-flow wp-block-column-is-layout-flow\" style=\"flex-basis:50%\">\n<div class=\"wp-block-image\"><figure class=\"aligncenter size-full is-resized\"><img fetchpriority=\"high\" decoding=\"async\" src=\"https:\/\/andresmanzanodesigner.com\/wp-content\/uploads\/2020\/04\/logobio.jpg\" alt=\"Logo Andr\u00e9s Manzano\" class=\"wp-image-78\" width=\"380\" height=\"380\" srcset=\"https:\/\/andresmanzanodesigner.com\/wp-content\/uploads\/2020\/04\/logobio.jpg 750w, https:\/\/andresmanzanodesigner.com\/wp-content\/uploads\/2020\/04\/logobio-300x300.jpg 300w, https:\/\/andresmanzanodesigner.com\/wp-content\/uploads\/2020\/04\/logobio-150x150.jpg 150w, https:\/\/andresmanzanodesigner.com\/wp-content\/uploads\/2020\/04\/logobio-12x12.jpg 12w, https:\/\/andresmanzanodesigner.com\/wp-content\/uploads\/2020\/04\/logobio-75x75.jpg 75w, https:\/\/andresmanzanodesigner.com\/wp-content\/uploads\/2020\/04\/logobio-600x600.jpg 600w, https:\/\/andresmanzanodesigner.com\/wp-content\/uploads\/2020\/04\/logobio-100x100.jpg 100w\" sizes=\"(max-width: 380px) 100vw, 380px\" \/><\/figure><\/div>\n<\/div>\n\n\n\n<div class=\"wp-block-column is-layout-flow wp-block-column-is-layout-flow\" style=\"flex-basis:50%\">\n<div class=\"wp-block-image\"><figure class=\"aligncenter size-large\"><img decoding=\"async\" width=\"500\" height=\"476\" src=\"https:\/\/andresmanzanodesigner.com\/wp-content\/uploads\/2020\/05\/caraAM.png\" alt=\"\" class=\"wp-image-617\" srcset=\"https:\/\/andresmanzanodesigner.com\/wp-content\/uploads\/2020\/05\/caraAM.png 500w, https:\/\/andresmanzanodesigner.com\/wp-content\/uploads\/2020\/05\/caraAM-300x286.png 300w, https:\/\/andresmanzanodesigner.com\/wp-content\/uploads\/2020\/05\/caraAM-13x12.png 13w\" sizes=\"(max-width: 500px) 100vw, 500px\" \/><\/figure><\/div>\n<\/div>\n<\/div>\n\n\n\n<p class=\"has-text-align-justify\">Somos una marca comprometida a crear colecciones din\u00e1micas y en constante evoluci\u00f3n, manteniendo un alto nivel de calidad&nbsp; en la confecci\u00f3n y acabados&nbsp;de nuestros dise\u00f1os, preocup\u00e1ndonos por la perfecci\u00f3n de hasta los m\u00e1s peque\u00f1os detalles en cada pieza.<\/p>\n\n\n\n<p class=\"has-text-align-justify\">Buscamos siempre crear un vinculo entre cliente marca, para as\u00ed invitar a nuestro consumidor a ser parte de nosotros, cuidando siempre de la manera m\u00e1s innovadora la eficiencia de cada compra que se haga. <\/p>\n\n\n\n<p class=\"has-text-align-justify\">Nos interesamos considerablemente por la flexibilidad y eficiencia en nuestros procesos de producci\u00f3n, as\u00ed como por la integridad, equidad y transparencia en todas&nbsp; nuestras relaciones de negocio con partes interesadas.<\/p>\n\n\n\n<p class=\"has-text-align-justify\"><a href=\"https:\/\/andresmanzanodesigner.com\/en\/\">Andr\u00e9s Manzano<\/a> lucha por marcar tendencia en el mercado de la moda, logrando transmitir una elegancia sobria, por medio de sentimientos y emociones que generan un valor en cada uno de nuestros productos, incitando a ir m\u00e1s all\u00e1 de la moda.<\/p>\n\n\n\n<figure class=\"wp-block-gallery aligncenter columns-2 is-cropped wp-block-gallery-1 is-layout-flex wp-block-gallery-is-layout-flex\"><ul class=\"blocks-gallery-grid\"><li class=\"blocks-gallery-item\"><figure><a href=\"https:\/\/andresmanzanodesigner.com\/wp-content\/uploads\/2020\/05\/sentimientos-experimentales-1.jpg\" data-rel=\"lightbox-image-0\" data-rl_title=\"\" data-rl_caption=\"\" title=\"\"><img decoding=\"async\" width=\"680\" height=\"1024\" src=\"https:\/\/andresmanzanodesigner.com\/wp-content\/uploads\/2020\/05\/sentimientos-experimentales-1-680x1024.jpg\" alt=\"\" data-id=\"756\" data-full-url=\"https:\/\/andresmanzanodesigner.com\/wp-content\/uploads\/2020\/05\/sentimientos-experimentales-1.jpg\" data-link=\"https:\/\/andresmanzanodesigner.com\/acerca-de-la-marca\/attachment\/sentimientos-experimentales-1\/\" class=\"wp-image-756\" srcset=\"https:\/\/andresmanzanodesigner.com\/wp-content\/uploads\/2020\/05\/sentimientos-experimentales-1-680x1024.jpg 680w, https:\/\/andresmanzanodesigner.com\/wp-content\/uploads\/2020\/05\/sentimientos-experimentales-1-199x300.jpg 199w, https:\/\/andresmanzanodesigner.com\/wp-content\/uploads\/2020\/05\/sentimientos-experimentales-1-8x12.jpg 8w, https:\/\/andresmanzanodesigner.com\/wp-content\/uploads\/2020\/05\/sentimientos-experimentales-1-600x903.jpg 600w, https:\/\/andresmanzanodesigner.com\/wp-content\/uploads\/2020\/05\/sentimientos-experimentales-1.jpg 750w\" sizes=\"(max-width: 680px) 100vw, 680px\" \/><\/a><\/figure><\/li><li class=\"blocks-gallery-item\"><figure><a href=\"https:\/\/andresmanzanodesigner.com\/wp-content\/uploads\/2020\/05\/sentimientos-experimentales-2.jpg\" data-rel=\"lightbox-image-1\" data-rl_title=\"\" data-rl_caption=\"\" title=\"\"><img loading=\"lazy\" decoding=\"async\" width=\"680\" height=\"1024\" src=\"https:\/\/andresmanzanodesigner.com\/wp-content\/uploads\/2020\/05\/sentimientos-experimentales-2-680x1024.jpg\" alt=\"\" data-id=\"757\" data-full-url=\"https:\/\/andresmanzanodesigner.com\/wp-content\/uploads\/2020\/05\/sentimientos-experimentales-2.jpg\" data-link=\"https:\/\/andresmanzanodesigner.com\/acerca-de-la-marca\/attachment\/sentimientos-experimentales-2\/\" class=\"wp-image-757\" srcset=\"https:\/\/andresmanzanodesigner.com\/wp-content\/uploads\/2020\/05\/sentimientos-experimentales-2-680x1024.jpg 680w, https:\/\/andresmanzanodesigner.com\/wp-content\/uploads\/2020\/05\/sentimientos-experimentales-2-199x300.jpg 199w, https:\/\/andresmanzanodesigner.com\/wp-content\/uploads\/2020\/05\/sentimientos-experimentales-2-8x12.jpg 8w, https:\/\/andresmanzanodesigner.com\/wp-content\/uploads\/2020\/05\/sentimientos-experimentales-2-600x903.jpg 600w, https:\/\/andresmanzanodesigner.com\/wp-content\/uploads\/2020\/05\/sentimientos-experimentales-2.jpg 750w\" sizes=\"(max-width: 680px) 100vw, 680px\" \/><\/a><\/figure><\/li><\/ul><figcaption class=\"blocks-gallery-caption\"><br><\/figcaption><\/figure>\n\n\n\n<figure class=\"wp-block-gallery aligncenter columns-1 is-cropped wp-block-gallery-2 is-layout-flex wp-block-gallery-is-layout-flex\"><ul class=\"blocks-gallery-grid\"><li class=\"blocks-gallery-item\"><figure><img loading=\"lazy\" decoding=\"async\" width=\"750\" height=\"565\" src=\"http:\/\/andresmanzanodesigner.com\/wp-content\/uploads\/2020\/04\/fotoduo.jpg\" alt=\"\" data-id=\"145\" data-full-url=\"http:\/\/andresmanzanodesigner.com\/wp-content\/uploads\/2020\/04\/fotoduo.jpg\" data-link=\"http:\/\/andresmanzanodesigner.com\/acerca-de-la-marca\/attachment\/fotoduo\/\" class=\"wp-image-145\" srcset=\"https:\/\/andresmanzanodesigner.com\/wp-content\/uploads\/2020\/04\/fotoduo.jpg 750w, https:\/\/andresmanzanodesigner.com\/wp-content\/uploads\/2020\/04\/fotoduo-300x226.jpg 300w, https:\/\/andresmanzanodesigner.com\/wp-content\/uploads\/2020\/04\/fotoduo-16x12.jpg 16w, https:\/\/andresmanzanodesigner.com\/wp-content\/uploads\/2020\/04\/fotoduo-600x452.jpg 600w\" sizes=\"(max-width: 750px) 100vw, 750px\" \/><\/figure><\/li><\/ul><figcaption class=\"blocks-gallery-caption\"><br><\/figcaption><\/figure>\n\n\n\n<div class=\"wp-block-image\"><figure class=\"aligncenter size-medium\"><img loading=\"lazy\" decoding=\"async\" width=\"288\" height=\"300\" src=\"https:\/\/andresmanzanodesigner.com\/wp-content\/uploads\/2020\/04\/fotbio3-1-288x300.jpg\" alt=\"\" class=\"wp-image-76\" srcset=\"https:\/\/andresmanzanodesigner.com\/wp-content\/uploads\/2020\/04\/fotbio3-1-288x300.jpg 288w, https:\/\/andresmanzanodesigner.com\/wp-content\/uploads\/2020\/04\/fotbio3-1-12x12.jpg 12w, https:\/\/andresmanzanodesigner.com\/wp-content\/uploads\/2020\/04\/fotbio3-1-600x626.jpg 600w, https:\/\/andresmanzanodesigner.com\/wp-content\/uploads\/2020\/04\/fotbio3-1.jpg 750w\" sizes=\"(max-width: 288px) 100vw, 288px\" \/><figcaption> Andr\u00e9s Manzano<\/figcaption><\/figure><\/div>","protected":false},"excerpt":{"rendered":"<p>Somos una marca comprometida a crear colecciones din\u00e1micas y en constante evoluci\u00f3n, manteniendo un alto nivel de calidad&nbsp; en la confecci\u00f3n y acabados&nbsp;de nuestros dise\u00f1os,<a href=\"https:\/\/andresmanzanodesigner.com\/en\/acerca-de-la-marca\/\" class=\"more-link\">View More<\/a><\/p>","protected":false},"author":1,"featured_media":0,"parent":0,"menu_order":0,"comment_status":"closed","ping_status":"closed","template":"","meta":{"_monsterinsights_skip_tracking":false,"_monsterinsights_sitenote_active":false,"_monsterinsights_sitenote_note":"","_monsterinsights_sitenote_category":0,"footnotes":""},"class_list":["post-13","page","type-page","status-publish","hentry"],"yoast_head":"<!-- This site is optimized with the Yoast SEO plugin v27.4 - https:\/\/yoast.com\/product\/yoast-seo-wordpress\/ -->\n<title>ACERCA DE LA MARCA - Andr\u00e9s Manzano<\/title>\n<meta name=\"description\" content=\"Andr\u00e9s Manzano es una marca comprometida a crear colecciones din\u00e1micas y en constante evoluci\u00f3n, manteniendo un alto nivel de calidad\u00a0 en la confecci\u00f3n y acabados\u00a0de nuestros dise\u00f1os.\" \/>\n<meta name=\"robots\" content=\"index, follow, max-snippet:-1, max-image-preview:large, max-video-preview:-1\" \/>\n<link rel=\"canonical\" href=\"https:\/\/andresmanzanodesigner.com\/en\/acerca-de-la-marca\/\" \/>\n<meta property=\"og:locale\" content=\"en_US\" \/>\n<meta property=\"og:type\" content=\"article\" \/>\n<meta property=\"og:title\" content=\"ACERCA DE LA MARCA - Andr\u00e9s Manzano\" \/>\n<meta property=\"og:description\" content=\"Andr\u00e9s Manzano es una marca comprometida a crear colecciones din\u00e1micas y en constante evoluci\u00f3n, manteniendo un alto nivel de calidad\u00a0 en la confecci\u00f3n y acabados\u00a0de nuestros dise\u00f1os.\" \/>\n<meta property=\"og:url\" content=\"https:\/\/andresmanzanodesigner.com\/en\/acerca-de-la-marca\/\" \/>\n<meta property=\"og:site_name\" content=\"Andr\u00e9s Manzano\" \/>\n<meta property=\"article:publisher\" content=\"https:\/\/www.facebook.com\/andresmanzano.designer\/\" \/>\n<meta property=\"article:modified_time\" content=\"2021-09-25T14:25:36+00:00\" \/>\n<meta property=\"og:image\" content=\"https:\/\/andresmanzanodesigner.com\/wp-content\/uploads\/2020\/04\/logobio.jpg\" \/>\n<meta name=\"twitter:card\" content=\"summary_large_image\" \/>\n<meta name=\"twitter:site\" content=\"@andres_manzano\" \/>\n<meta name=\"twitter:label1\" content=\"Est. reading time\" \/>\n\t<meta name=\"twitter:data1\" content=\"2 minutes\" \/>\n<script type=\"application\/ld+json\" class=\"yoast-schema-graph\">{\"@context\":\"https:\\\/\\\/schema.org\",\"@graph\":[{\"@type\":\"WebPage\",\"@id\":\"https:\\\/\\\/andresmanzanodesigner.com\\\/acerca-de-la-marca\\\/\",\"url\":\"https:\\\/\\\/andresmanzanodesigner.com\\\/acerca-de-la-marca\\\/\",\"name\":\"ACERCA DE LA MARCA - Andr\u00e9s Manzano\",\"isPartOf\":{\"@id\":\"https:\\\/\\\/andresmanzanodesigner.com\\\/#website\"},\"primaryImageOfPage\":{\"@id\":\"https:\\\/\\\/andresmanzanodesigner.com\\\/acerca-de-la-marca\\\/#primaryimage\"},\"image\":{\"@id\":\"https:\\\/\\\/andresmanzanodesigner.com\\\/acerca-de-la-marca\\\/#primaryimage\"},\"thumbnailUrl\":\"https:\\\/\\\/andresmanzanodesigner.com\\\/wp-content\\\/uploads\\\/2020\\\/04\\\/logobio.jpg\",\"datePublished\":\"2020-03-19T23:14:08+00:00\",\"dateModified\":\"2021-09-25T14:25:36+00:00\",\"description\":\"Andr\u00e9s Manzano es una marca comprometida a crear colecciones din\u00e1micas y en constante evoluci\u00f3n, manteniendo un alto nivel de calidad\u00a0 en la confecci\u00f3n y acabados\u00a0de nuestros dise\u00f1os.\",\"breadcrumb\":{\"@id\":\"https:\\\/\\\/andresmanzanodesigner.com\\\/acerca-de-la-marca\\\/#breadcrumb\"},\"inLanguage\":\"en-US\",\"potentialAction\":[{\"@type\":\"ReadAction\",\"target\":[\"https:\\\/\\\/andresmanzanodesigner.com\\\/acerca-de-la-marca\\\/\"]}]},{\"@type\":\"ImageObject\",\"inLanguage\":\"en-US\",\"@id\":\"https:\\\/\\\/andresmanzanodesigner.com\\\/acerca-de-la-marca\\\/#primaryimage\",\"url\":\"https:\\\/\\\/andresmanzanodesigner.com\\\/wp-content\\\/uploads\\\/2020\\\/04\\\/logobio.jpg\",\"contentUrl\":\"https:\\\/\\\/andresmanzanodesigner.com\\\/wp-content\\\/uploads\\\/2020\\\/04\\\/logobio.jpg\"},{\"@type\":\"BreadcrumbList\",\"@id\":\"https:\\\/\\\/andresmanzanodesigner.com\\\/acerca-de-la-marca\\\/#breadcrumb\",\"itemListElement\":[{\"@type\":\"ListItem\",\"position\":1,\"name\":\"Portada\",\"item\":\"https:\\\/\\\/andresmanzanodesigner.com\\\/\"},{\"@type\":\"ListItem\",\"position\":2,\"name\":\"ACERCA DE LA MARCA\"}]},{\"@type\":\"WebSite\",\"@id\":\"https:\\\/\\\/andresmanzanodesigner.com\\\/#website\",\"url\":\"https:\\\/\\\/andresmanzanodesigner.com\\\/\",\"name\":\"Andr\u00e9s Manzano\",\"description\":\"Designer\",\"publisher\":{\"@id\":\"https:\\\/\\\/andresmanzanodesigner.com\\\/#organization\"},\"potentialAction\":[{\"@type\":\"SearchAction\",\"target\":{\"@type\":\"EntryPoint\",\"urlTemplate\":\"https:\\\/\\\/andresmanzanodesigner.com\\\/?s={search_term_string}\"},\"query-input\":{\"@type\":\"PropertyValueSpecification\",\"valueRequired\":true,\"valueName\":\"search_term_string\"}}],\"inLanguage\":\"en-US\"},{\"@type\":\"Organization\",\"@id\":\"https:\\\/\\\/andresmanzanodesigner.com\\\/#organization\",\"name\":\"Andr\u00e9s Manzano Designer\",\"url\":\"https:\\\/\\\/andresmanzanodesigner.com\\\/\",\"logo\":{\"@type\":\"ImageObject\",\"inLanguage\":\"en-US\",\"@id\":\"https:\\\/\\\/andresmanzanodesigner.com\\\/#\\\/schema\\\/logo\\\/image\\\/\",\"url\":\"https:\\\/\\\/i0.wp.com\\\/andresmanzanodesigner.com\\\/wp-content\\\/uploads\\\/2020\\\/04\\\/logo2.am_.png?fit=812%2C259&ssl=1\",\"contentUrl\":\"https:\\\/\\\/i0.wp.com\\\/andresmanzanodesigner.com\\\/wp-content\\\/uploads\\\/2020\\\/04\\\/logo2.am_.png?fit=812%2C259&ssl=1\",\"width\":812,\"height\":259,\"caption\":\"Andr\u00e9s Manzano Designer\"},\"image\":{\"@id\":\"https:\\\/\\\/andresmanzanodesigner.com\\\/#\\\/schema\\\/logo\\\/image\\\/\"},\"sameAs\":[\"https:\\\/\\\/www.facebook.com\\\/andresmanzano.designer\\\/\",\"https:\\\/\\\/x.com\\\/andres_manzano\",\"https:\\\/\\\/www.instagram.com\\\/andresmanzano.designer\\\/\",\"https:\\\/\\\/www.linkedin.com\\\/in\\\/andr\u00e9s-manzano-80231047\\\/\",\"https:\\\/\\\/www.youtube.com\\\/channel\\\/UCdlvSH-ouPGzIOevFG1h46g?view_as=subscriber\"]}]}<\/script>\n<!-- \/ Yoast SEO plugin. -->","yoast_head_json":{"title":"ACERCA DE LA MARCA - Andr\u00e9s Manzano","description":"Andr\u00e9s Manzano es una marca comprometida a crear colecciones din\u00e1micas y en constante evoluci\u00f3n, manteniendo un alto nivel de calidad\u00a0 en la confecci\u00f3n y acabados\u00a0de nuestros dise\u00f1os.","robots":{"index":"index","follow":"follow","max-snippet":"max-snippet:-1","max-image-preview":"max-image-preview:large","max-video-preview":"max-video-preview:-1"},"canonical":"https:\/\/andresmanzanodesigner.com\/en\/acerca-de-la-marca\/","og_locale":"en_US","og_type":"article","og_title":"ACERCA DE LA MARCA - Andr\u00e9s Manzano","og_description":"Andr\u00e9s Manzano es una marca comprometida a crear colecciones din\u00e1micas y en constante evoluci\u00f3n, manteniendo un alto nivel de calidad\u00a0 en la confecci\u00f3n y acabados\u00a0de nuestros dise\u00f1os.","og_url":"https:\/\/andresmanzanodesigner.com\/en\/acerca-de-la-marca\/","og_site_name":"Andr\u00e9s Manzano","article_publisher":"https:\/\/www.facebook.com\/andresmanzano.designer\/","article_modified_time":"2021-09-25T14:25:36+00:00","og_image":[{"url":"https:\/\/andresmanzanodesigner.com\/wp-content\/uploads\/2020\/04\/logobio.jpg","type":"","width":"","height":""}],"twitter_card":"summary_large_image","twitter_site":"@andres_manzano","twitter_misc":{"Est. reading time":"2 minutes"},"schema":{"@context":"https:\/\/schema.org","@graph":[{"@type":"WebPage","@id":"https:\/\/andresmanzanodesigner.com\/acerca-de-la-marca\/","url":"https:\/\/andresmanzanodesigner.com\/acerca-de-la-marca\/","name":"ACERCA DE LA MARCA - Andr\u00e9s Manzano","isPartOf":{"@id":"https:\/\/andresmanzanodesigner.com\/#website"},"primaryImageOfPage":{"@id":"https:\/\/andresmanzanodesigner.com\/acerca-de-la-marca\/#primaryimage"},"image":{"@id":"https:\/\/andresmanzanodesigner.com\/acerca-de-la-marca\/#primaryimage"},"thumbnailUrl":"https:\/\/andresmanzanodesigner.com\/wp-content\/uploads\/2020\/04\/logobio.jpg","datePublished":"2020-03-19T23:14:08+00:00","dateModified":"2021-09-25T14:25:36+00:00","description":"Andr\u00e9s Manzano es una marca comprometida a crear colecciones din\u00e1micas y en constante evoluci\u00f3n, manteniendo un alto nivel de calidad\u00a0 en la confecci\u00f3n y acabados\u00a0de nuestros dise\u00f1os.","breadcrumb":{"@id":"https:\/\/andresmanzanodesigner.com\/acerca-de-la-marca\/#breadcrumb"},"inLanguage":"en-US","potentialAction":[{"@type":"ReadAction","target":["https:\/\/andresmanzanodesigner.com\/acerca-de-la-marca\/"]}]},{"@type":"ImageObject","inLanguage":"en-US","@id":"https:\/\/andresmanzanodesigner.com\/acerca-de-la-marca\/#primaryimage","url":"https:\/\/andresmanzanodesigner.com\/wp-content\/uploads\/2020\/04\/logobio.jpg","contentUrl":"https:\/\/andresmanzanodesigner.com\/wp-content\/uploads\/2020\/04\/logobio.jpg"},{"@type":"BreadcrumbList","@id":"https:\/\/andresmanzanodesigner.com\/acerca-de-la-marca\/#breadcrumb","itemListElement":[{"@type":"ListItem","position":1,"name":"Portada","item":"https:\/\/andresmanzanodesigner.com\/"},{"@type":"ListItem","position":2,"name":"ACERCA DE LA MARCA"}]},{"@type":"WebSite","@id":"https:\/\/andresmanzanodesigner.com\/#website","url":"https:\/\/andresmanzanodesigner.com\/","name":"Andr\u00e9s Manzano","description":"Designer","publisher":{"@id":"https:\/\/andresmanzanodesigner.com\/#organization"},"potentialAction":[{"@type":"SearchAction","target":{"@type":"EntryPoint","urlTemplate":"https:\/\/andresmanzanodesigner.com\/?s={search_term_string}"},"query-input":{"@type":"PropertyValueSpecification","valueRequired":true,"valueName":"search_term_string"}}],"inLanguage":"en-US"},{"@type":"Organization","@id":"https:\/\/andresmanzanodesigner.com\/#organization","name":"Andr\u00e9s Manzano Designer","url":"https:\/\/andresmanzanodesigner.com\/","logo":{"@type":"ImageObject","inLanguage":"en-US","@id":"https:\/\/andresmanzanodesigner.com\/#\/schema\/logo\/image\/","url":"https:\/\/i0.wp.com\/andresmanzanodesigner.com\/wp-content\/uploads\/2020\/04\/logo2.am_.png?fit=812%2C259&ssl=1","contentUrl":"https:\/\/i0.wp.com\/andresmanzanodesigner.com\/wp-content\/uploads\/2020\/04\/logo2.am_.png?fit=812%2C259&ssl=1","width":812,"height":259,"caption":"Andr\u00e9s Manzano Designer"},"image":{"@id":"https:\/\/andresmanzanodesigner.com\/#\/schema\/logo\/image\/"},"sameAs":["https:\/\/www.facebook.com\/andresmanzano.designer\/","https:\/\/x.com\/andres_manzano","https:\/\/www.instagram.com\/andresmanzano.designer\/","https:\/\/www.linkedin.com\/in\/andr\u00e9s-manzano-80231047\/","https:\/\/www.youtube.com\/channel\/UCdlvSH-ouPGzIOevFG1h46g?view_as=subscriber"]}]}},"_links":{"self":[{"href":"https:\/\/andresmanzanodesigner.com\/en\/wp-json\/wp\/v2\/pages\/13","targetHints":{"allow":["GET"]}}],"collection":[{"href":"https:\/\/andresmanzanodesigner.com\/en\/wp-json\/wp\/v2\/pages"}],"about":[{"href":"https:\/\/andresmanzanodesigner.com\/en\/wp-json\/wp\/v2\/types\/page"}],"author":[{"embeddable":true,"href":"https:\/\/andresmanzanodesigner.com\/en\/wp-json\/wp\/v2\/users\/1"}],"replies":[{"embeddable":true,"href":"https:\/\/andresmanzanodesigner.com\/en\/wp-json\/wp\/v2\/comments?post=13"}],"version-history":[{"count":23,"href":"https:\/\/andresmanzanodesigner.com\/en\/wp-json\/wp\/v2\/pages\/13\/revisions"}],"predecessor-version":[{"id":1309,"href":"https:\/\/andresmanzanodesigner.com\/en\/wp-json\/wp\/v2\/pages\/13\/revisions\/1309"}],"wp:attachment":[{"href":"https:\/\/andresmanzanodesigner.com\/en\/wp-json\/wp\/v2\/media?parent=13"}],"curies":[{"name":"wp","href":"https:\/\/api.w.org\/{rel}","templated":true}]}}